{"id":4894,"date":"2018-06-13T11:45:42","date_gmt":"2018-06-13T09:45:42","guid":{"rendered":"https:\/\/mercuremontauban.fr\/the-rooms\/"},"modified":"2025-12-02T11:20:11","modified_gmt":"2025-12-02T10:20:11","slug":"rooms","status":"publish","type":"page","link":"https:\/\/mercuremontauban.fr\/en\/rooms\/","title":{"rendered":"The rooms"},"content":{"rendered":"\t\t<div data-elementor-type=\"wp-post\" data-elementor-id=\"4894\" class=\"elementor elementor-4894 elementor-204\" data-elementor-post-type=\"page\">\n\t\t\t\t<div class=\"elementor-element elementor-element-2ae52a7 e-con-full e-flex e-con e-parent\" data-id=\"2ae52a7\" data-element_type=\"container\" data-e-type=\"container\" data-settings=\"{&quot;background_background&quot;:&quot;classic&quot;,&quot;hoteller_ext_is_background_parallax&quot;:&quot;false&quot;,&quot;hoteller_ext_is_background_on_scroll&quot;:&quot;false&quot;,&quot;hoteller_ext_link_sidemenu&quot;:&quot;false&quot;,&quot;hoteller_ext_link_fullmenu&quot;:&quot;false&quot;,&quot;hoteller_ext_link_closed_fullmenu&quot;:&quot;false&quot;,&quot;hoteller_ext_is_scrollme&quot;:&quot;false&quot;,&quot;hoteller_ext_is_smoove&quot;:&quot;false&quot;,&quot;hoteller_ext_is_parallax_mouse&quot;:&quot;false&quot;,&quot;hoteller_ext_is_infinite&quot;:&quot;false&quot;,&quot;hoteller_ext_is_fadeout_animation&quot;:&quot;false&quot;,&quot;hoteller_ext_mobile_static&quot;:&quot;false&quot;}\">\n\t\t<div class=\"elementor-element elementor-element-c08cc50 e-con-full e-flex e-con e-child\" data-id=\"c08cc50\" data-element_type=\"container\" data-e-type=\"container\" data-settings=\"{&quot;hoteller_ext_is_background_parallax&quot;:&quot;false&quot;,&quot;hoteller_ext_is_background_on_scroll&quot;:&quot;false&quot;,&quot;hoteller_ext_link_sidemenu&quot;:&quot;false&quot;,&quot;hoteller_ext_link_fullmenu&quot;:&quot;false&quot;,&quot;hoteller_ext_link_closed_fullmenu&quot;:&quot;false&quot;,&quot;hoteller_ext_is_scrollme&quot;:&quot;false&quot;,&quot;hoteller_ext_is_smoove&quot;:&quot;false&quot;,&quot;hoteller_ext_is_parallax_mouse&quot;:&quot;false&quot;,&quot;hoteller_ext_is_infinite&quot;:&quot;false&quot;,&quot;hoteller_ext_is_fadeout_animation&quot;:&quot;false&quot;,&quot;hoteller_ext_mobile_static&quot;:&quot;false&quot;}\">\n\t\t\t\t<div class=\"elementor-element elementor-element-5c91496 elementor-invisible elementor-widget elementor-widget-heading\" data-id=\"5c91496\" data-element_type=\"widget\" data-e-type=\"widget\" data-settings=\"{&quot;_animation&quot;:&quot;fadeIn&quot;,&quot;hoteller_ext_link_sidemenu&quot;:&quot;false&quot;,&quot;hoteller_ext_link_fullmenu&quot;:&quot;false&quot;,&quot;hoteller_ext_link_closed_fullmenu&quot;:&quot;false&quot;,&quot;hoteller_ext_is_scrollme&quot;:&quot;false&quot;,&quot;hoteller_ext_is_smoove&quot;:&quot;false&quot;,&quot;hoteller_ext_is_parallax_mouse&quot;:&quot;false&quot;,&quot;hoteller_ext_is_infinite&quot;:&quot;false&quot;,&quot;hoteller_ext_is_fadeout_animation&quot;:&quot;false&quot;,&quot;hoteller_ext_mobile_static&quot;:&quot;false&quot;}\" data-widget_type=\"heading.default\">\n\t\t\t\t\t<h1 class=\"elementor-heading-title elementor-size-default\">Our rooms<\/h1>\t\t\t\t<\/div>\n\t\t\t\t<div class=\"elementor-element elementor-element-54aed59 elementor-invisible elementor-widget elementor-widget-heading\" data-id=\"54aed59\" data-element_type=\"widget\" data-e-type=\"widget\" data-settings=\"{&quot;_animation&quot;:&quot;fadeIn&quot;,&quot;_animation_delay&quot;:100,&quot;hoteller_ext_link_sidemenu&quot;:&quot;false&quot;,&quot;hoteller_ext_link_fullmenu&quot;:&quot;false&quot;,&quot;hoteller_ext_link_closed_fullmenu&quot;:&quot;false&quot;,&quot;hoteller_ext_is_scrollme&quot;:&quot;false&quot;,&quot;hoteller_ext_is_smoove&quot;:&quot;false&quot;,&quot;hoteller_ext_is_parallax_mouse&quot;:&quot;false&quot;,&quot;hoteller_ext_is_infinite&quot;:&quot;false&quot;,&quot;hoteller_ext_is_fadeout_animation&quot;:&quot;false&quot;,&quot;hoteller_ext_mobile_static&quot;:&quot;false&quot;}\" data-widget_type=\"heading.default\">\n\t\t\t\t\t<h2 class=\"elementor-heading-title elementor-size-default\">discover our three emblematic rooms<\/h2>\t\t\t\t<\/div>\n\t\t\t\t<\/div>\n\t\t\t\t<\/div>\n\t\t<div class=\"elementor-element elementor-element-69fe30d e-con-full e-flex e-con e-parent\" data-id=\"69fe30d\" data-element_type=\"container\" data-e-type=\"container\" data-settings=\"{&quot;hoteller_ext_is_background_parallax&quot;:&quot;false&quot;,&quot;hoteller_ext_is_background_on_scroll&quot;:&quot;false&quot;,&quot;hoteller_ext_link_sidemenu&quot;:&quot;false&quot;,&quot;hoteller_ext_link_fullmenu&quot;:&quot;false&quot;,&quot;hoteller_ext_link_closed_fullmenu&quot;:&quot;false&quot;,&quot;hoteller_ext_is_scrollme&quot;:&quot;false&quot;,&quot;hoteller_ext_is_smoove&quot;:&quot;false&quot;,&quot;hoteller_ext_is_parallax_mouse&quot;:&quot;false&quot;,&quot;hoteller_ext_is_infinite&quot;:&quot;false&quot;,&quot;hoteller_ext_is_fadeout_animation&quot;:&quot;false&quot;,&quot;hoteller_ext_mobile_static&quot;:&quot;false&quot;}\">\n\t\t<div class=\"elementor-element elementor-element-d3187a4 e-con-full e-flex e-con e-child\" data-id=\"d3187a4\" data-element_type=\"container\" data-e-type=\"container\" data-settings=\"{&quot;hoteller_ext_is_background_parallax&quot;:&quot;false&quot;,&quot;hoteller_ext_is_background_on_scroll&quot;:&quot;false&quot;,&quot;hoteller_ext_link_sidemenu&quot;:&quot;false&quot;,&quot;hoteller_ext_link_fullmenu&quot;:&quot;false&quot;,&quot;hoteller_ext_link_closed_fullmenu&quot;:&quot;false&quot;,&quot;hoteller_ext_is_scrollme&quot;:&quot;false&quot;,&quot;hoteller_ext_is_smoove&quot;:&quot;false&quot;,&quot;hoteller_ext_is_parallax_mouse&quot;:&quot;false&quot;,&quot;hoteller_ext_is_infinite&quot;:&quot;false&quot;,&quot;hoteller_ext_is_fadeout_animation&quot;:&quot;false&quot;,&quot;hoteller_ext_mobile_static&quot;:&quot;false&quot;}\">\n\t\t\t\t<div class=\"elementor-element elementor-element-1a0f554 elementor-widget elementor-widget-hoteller-distortion-grid\" data-id=\"1a0f554\" data-element_type=\"widget\" data-e-type=\"widget\" data-settings=\"{&quot;hoteller_ext_link_sidemenu&quot;:&quot;false&quot;,&quot;hoteller_ext_link_fullmenu&quot;:&quot;false&quot;,&quot;hoteller_ext_link_closed_fullmenu&quot;:&quot;false&quot;,&quot;hoteller_ext_is_scrollme&quot;:&quot;false&quot;,&quot;hoteller_ext_is_smoove&quot;:&quot;false&quot;,&quot;hoteller_ext_is_parallax_mouse&quot;:&quot;false&quot;,&quot;hoteller_ext_is_infinite&quot;:&quot;false&quot;,&quot;hoteller_ext_is_fadeout_animation&quot;:&quot;false&quot;,&quot;hoteller_ext_mobile_static&quot;:&quot;false&quot;}\" data-widget_type=\"hoteller-distortion-grid.default\">\n\t\t\t\t<div class=\"elementor-widget-container\">\n\t\t\t\t\t<div class=\"distortion_grid_wrapper\">\n\t\t<div class=\"distortion_grid_item distortion_grid_item--bg theme-3\">\n\t\t\t<div class=\"distortion_grid_item-img\" data-displacement=\"https:\/\/mercuremontauban.fr\/wp-content\/plugins\/hoteller-elementor\/assets\/images\/distortion-grid\/4.png\" data-intensity=\"0.2\" data-speedIn=\"1.6\" data-speedOut=\"1.6\" >\n\t\t\t\t<img decoding=\"async\" src=\"https:\/\/mercuremontauban.fr\/wp-content\/uploads\/2024\/11\/Chambre-superieure-1-610x610.webp\" alt=\"La chambre Sup\u00e9rieure \u00e0 l&#039;h\u00f4tel Mercure de Montauban\"\/>\n\t\t\t\t<img decoding=\"async\" src=\"https:\/\/mercuremontauban.fr\/wp-content\/uploads\/2024\/11\/Chambre-Superieure-610x610.webp\" alt=\"La chambre Sup\u00e9rieure \u00e0 l&#039;h\u00f4tel Mercure de Montauban\"\/>\n\t\t\t<\/div>\n\t\t\t<div class=\"distortion_grid_item-content\">\n\t\t\t\t<span class=\"distortion_grid_item-meta\">from 140\u20ac per night<\/span>\n\t\t\t\t<h2 class=\"distortion_grid_item-title\">The Superior<\/h2>\n\t\t\t\t<div class=\"distortion_grid_item-subtitle\">\n\t\t\t\t\t<span><\/span>\n\t\t\t\t\t<a class=\"distortion_grid_item-link\" href=\"https:\/\/mercuremontauban.fr\/en\/thesuperior\/\" >DISCOVER<\/a>\n\t\t\t\t<\/div>\n\t\t\t<\/div>\n\t\t<\/div>\n\t\t<div class=\"distortion_grid_item distortion_grid_item--bg theme-3\">\n\t\t\t<div class=\"distortion_grid_item-img\" data-displacement=\"https:\/\/mercuremontauban.fr\/wp-content\/plugins\/hoteller-elementor\/assets\/images\/distortion-grid\/4.png\" data-intensity=\"0.2\" data-speedIn=\"1.6\" data-speedOut=\"1.6\" >\n\t\t\t\t<img decoding=\"async\" src=\"https:\/\/mercuremontauban.fr\/wp-content\/uploads\/2024\/11\/CHambre-Privilege-1-610x610.webp\" alt=\"La chambre Privil\u00e8ge \u00e0 l&#039;h\u00f4tel Mercure de Montauban\"\/>\n\t\t\t\t<img decoding=\"async\" src=\"https:\/\/mercuremontauban.fr\/wp-content\/uploads\/2024\/11\/CHambre-Privilege-familiale-610x610.webp\" alt=\"La chambre Privil\u00e8ge Familiale \u00e0 l&#039;h\u00f4tel Mercure de Montauban\"\/>\n\t\t\t<\/div>\n\t\t\t<div class=\"distortion_grid_item-content\">\n\t\t\t\t<span class=\"distortion_grid_item-meta\">from 155\u20ac per night<\/span>\n\t\t\t\t<h2 class=\"distortion_grid_item-title\">The Privilege<\/h2>\n\t\t\t\t<div class=\"distortion_grid_item-subtitle\">\n\t\t\t\t\t<span><\/span>\n\t\t\t\t\t<a class=\"distortion_grid_item-link\" href=\"https:\/\/mercuremontauban.fr\/en\/the-privilege\/\" >DISCOVER<\/a>\n\t\t\t\t<\/div>\n\t\t\t<\/div>\n\t\t<\/div>\n\t\t<div class=\"distortion_grid_item distortion_grid_item--bg theme-3\">\n\t\t\t<div class=\"distortion_grid_item-img\" data-displacement=\"https:\/\/mercuremontauban.fr\/wp-content\/plugins\/hoteller-elementor\/assets\/images\/distortion-grid\/4.png\" data-intensity=\"0.2\" data-speedIn=\"1.6\" data-speedOut=\"1.6\" >\n\t\t\t\t<img decoding=\"async\" src=\"https:\/\/mercuremontauban.fr\/wp-content\/uploads\/2024\/11\/CHambre-standard-610x610.webp\" alt=\"La chambre Standard \u00e0 l&#039;h\u00f4tel Mercure de Montauban\"\/>\n\t\t\t\t<img decoding=\"async\" src=\"https:\/\/mercuremontauban.fr\/wp-content\/uploads\/2024\/11\/Chambre-standard-1-610x610.webp\" alt=\"La chambre Standard \u00e0 l&#039;h\u00f4tel Mercure de Montauban\"\/>\n\t\t\t<\/div>\n\t\t\t<div class=\"distortion_grid_item-content\">\n\t\t\t\t<span class=\"distortion_grid_item-meta\">from 130\u20ac per night<\/span>\n\t\t\t\t<h2 class=\"distortion_grid_item-title\">The Standard<\/h2>\n\t\t\t\t<div class=\"distortion_grid_item-subtitle\">\n\t\t\t\t\t<span><\/span>\n\t\t\t\t\t<a class=\"distortion_grid_item-link\" href=\"https:\/\/mercuremontauban.fr\/en\/lastandard\/\" >D\u00c9COUVRIR<\/a>\n\t\t\t\t<\/div>\n\t\t\t<\/div>\n\t\t<\/div>\n\t\t<div class=\"distortion_grid_item distortion_grid_item--bg theme-3\">\n\t\t\t<div class=\"distortion_grid_item-img\" data-displacement=\"https:\/\/mercuremontauban.fr\/wp-content\/plugins\/hoteller-elementor\/assets\/images\/distortion-grid\/4.png\" data-intensity=\"0.2\" data-speedIn=\"1.6\" data-speedOut=\"1.6\" >\n\t\t\t\t<img decoding=\"async\" src=\"https:\/\/mercuremontauban.fr\/wp-content\/uploads\/2024\/11\/photo-chambre-privilege-5.png\" alt=\"chambre-privilege-plateau-petit-dejeune\"\/>\n\t\t\t\t<img decoding=\"async\" src=\"https:\/\/mercuremontauban.fr\/wp-content\/uploads\/2024\/10\/249-1-610x610.webp\" alt=\"\"\/>\n\t\t\t<\/div>\n\t\t\t<div class=\"distortion_grid_item-content\">\n\t\t\t\t<span class=\"distortion_grid_item-meta\"><\/span>\n\t\t\t\t<h2 class=\"distortion_grid_item-title\">Book your ideal room <\/h2>\n\t\t\t\t<div class=\"distortion_grid_item-subtitle\">\n\t\t\t\t\t<span>The Mercure Hotel, located in the heart of Montauban, invites you to enjoy an experience combining comfort and elegance. Perfect for both business trips and leisure getaways, this hotel offers modern and welcoming rooms, carefully decorated to ensure a relaxing stay.<\/span>\n\t\t\t\t\t<a class=\"distortion_grid_item-link\" href=\"https:\/\/all.accor.com\/hotel\/2183\/index.fr.shtml#section-rooms\" target=&quot;_blank&quot;>Book<\/a>\n\t\t\t\t<\/div>\n\t\t\t<\/div>\n\t\t<\/div>\n<\/div>\n\t\t\t\t<\/div>\n\t\t\t\t<\/div>\n\t\t\t\t<\/div>\n\t\t\t\t<\/div>\n\t\t\t\t<\/div>\n\t\t","protected":false},"excerpt":{"rendered":"<p>Our rooms discover our three emblematic rooms from 140\u20ac per night The Superior DISCOVER from 155\u20ac per night The Privilege DISCOVER from 130\u20ac per night The Standard D\u00c9COUVRIR Book your ideal room The Mercure Hotel, located in the heart of [&hellip;]<\/p>\n","protected":false},"author":2,"featured_media":0,"parent":0,"menu_order":0,"comment_status":"closed","ping_status":"closed","template":"elementor_header_footer","meta":{"footnotes":""},"class_list":["post-4894","page","type-page","status-publish","hentry"],"aioseo_notices":[],"_links":{"self":[{"href":"https:\/\/mercuremontauban.fr\/en\/wp-json\/wp\/v2\/pages\/4894","targetHints":{"allow":["GET"]}}],"collection":[{"href":"https:\/\/mercuremontauban.fr\/en\/wp-json\/wp\/v2\/pages"}],"about":[{"href":"https:\/\/mercuremontauban.fr\/en\/wp-json\/wp\/v2\/types\/page"}],"author":[{"embeddable":true,"href":"https:\/\/mercuremontauban.fr\/en\/wp-json\/wp\/v2\/users\/2"}],"replies":[{"embeddable":true,"href":"https:\/\/mercuremontauban.fr\/en\/wp-json\/wp\/v2\/comments?post=4894"}],"version-history":[{"count":14,"href":"https:\/\/mercuremontauban.fr\/en\/wp-json\/wp\/v2\/pages\/4894\/revisions"}],"predecessor-version":[{"id":5801,"href":"https:\/\/mercuremontauban.fr\/en\/wp-json\/wp\/v2\/pages\/4894\/revisions\/5801"}],"wp:attachment":[{"href":"https:\/\/mercuremontauban.fr\/en\/wp-json\/wp\/v2\/media?parent=4894"}],"curies":[{"name":"wp","href":"https:\/\/api.w.org\/{rel}","templated":true}]}}