{"id":4927,"date":"2024-10-25T11:41:46","date_gmt":"2024-10-25T09:41:46","guid":{"rendered":"https:\/\/mercuremontauban.fr\/privacy-policy\/"},"modified":"2025-12-02T14:55:24","modified_gmt":"2025-12-02T13:55:24","slug":"privacy-policy-2","status":"publish","type":"page","link":"https:\/\/mercuremontauban.fr\/en\/privacy-policy-2\/","title":{"rendered":"Privacy policy"},"content":{"rendered":"\t\t<div data-elementor-type=\"wp-page\" data-elementor-id=\"4927\" class=\"elementor elementor-4927 elementor-4059\" data-elementor-post-type=\"page\">\n\t\t\t\t<div class=\"elementor-element elementor-element-0674501 e-flex e-con-boxed e-con e-parent\" data-id=\"0674501\" data-element_type=\"container\" data-e-type=\"container\" data-settings=\"{&quot;hoteller_ext_is_background_parallax&quot;:&quot;false&quot;,&quot;hoteller_ext_is_background_on_scroll&quot;:&quot;false&quot;,&quot;hoteller_ext_link_sidemenu&quot;:&quot;false&quot;,&quot;hoteller_ext_link_fullmenu&quot;:&quot;false&quot;,&quot;hoteller_ext_link_closed_fullmenu&quot;:&quot;false&quot;,&quot;hoteller_ext_is_scrollme&quot;:&quot;false&quot;,&quot;hoteller_ext_is_smoove&quot;:&quot;false&quot;,&quot;hoteller_ext_is_parallax_mouse&quot;:&quot;false&quot;,&quot;hoteller_ext_is_infinite&quot;:&quot;false&quot;,&quot;hoteller_ext_is_fadeout_animation&quot;:&quot;false&quot;,&quot;hoteller_ext_mobile_static&quot;:&quot;false&quot;}\">\n\t\t\t\t\t<div class=\"e-con-inner\">\n\t\t\t\t<div class=\"elementor-element elementor-element-44fc122 elementor-widget elementor-widget-text-editor\" data-id=\"44fc122\" data-element_type=\"widget\" data-e-type=\"widget\" data-settings=\"{&quot;hoteller_ext_link_sidemenu&quot;:&quot;false&quot;,&quot;hoteller_ext_link_fullmenu&quot;:&quot;false&quot;,&quot;hoteller_ext_link_closed_fullmenu&quot;:&quot;false&quot;,&quot;hoteller_ext_is_scrollme&quot;:&quot;false&quot;,&quot;hoteller_ext_is_smoove&quot;:&quot;false&quot;,&quot;hoteller_ext_is_parallax_mouse&quot;:&quot;false&quot;,&quot;hoteller_ext_is_infinite&quot;:&quot;false&quot;,&quot;hoteller_ext_is_fadeout_animation&quot;:&quot;false&quot;,&quot;hoteller_ext_mobile_static&quot;:&quot;false&quot;}\" data-widget_type=\"text-editor.default\">\n\t\t\t\t\t\t\t\t\t<div class=\"elementor-element elementor-element-b3e5bd4 elementor-widget elementor-widget-heading\" data-id=\"b3e5bd4\" data-element_type=\"widget\" data-widget_type=\"heading.default\"><div class=\"elementor-widget-container\"><h2 class=\"elementor-heading-title elementor-size-default\">UTILISATION DES DONN\u00c9ES PERSONNELLES COLLECT\u00c9ES<\/h2><\/div><\/div><div class=\"elementor-element elementor-element-20ce06c elementor-widget elementor-widget-heading\" data-id=\"20ce06c\" data-element_type=\"widget\" data-widget_type=\"heading.default\"><div class=\"elementor-widget-container\"><h2 class=\"elementor-heading-title elementor-size-default\">FORMULAIRES DE CONTACT :<\/h2><\/div><\/div><div class=\"elementor-element elementor-element-1aeec4e elementor-widget elementor-widget-heading\" data-id=\"1aeec4e\" data-element_type=\"widget\" data-widget_type=\"heading.default\"><div class=\"elementor-widget-container\"><h2 class=\"elementor-heading-title elementor-size-default\">COOKIES<\/h2><\/div><\/div><div class=\"elementor-element elementor-element-a6481f5 elementor-widget elementor-widget-text-editor\" data-id=\"a6481f5\" data-element_type=\"widget\" data-widget_type=\"text-editor.default\"><div class=\"elementor-widget-container\"><p>Si vous envoyez un message sur notre site, il vous sera propos\u00e9 d\u2019enregistrer votre nom, adresse de messagerie et site web dans des cookies. C\u2019est uniquement pour votre confort afin de ne pas avoir \u00e0 saisir ces informations si vous d\u00e9posez un autre commentaire plus tard. Ces cookies expirent au bout d\u2019un an.<\/p><\/div><\/div><div class=\"elementor-element elementor-element-fa1148f elementor-widget elementor-widget-heading\" data-id=\"fa1148f\" data-element_type=\"widget\" data-widget_type=\"heading.default\"><div class=\"elementor-widget-container\"><h2 class=\"elementor-heading-title elementor-size-default\">CONTENU EMBARQU\u00c9 DEPUIS D\u2019AUTRES SITES<\/h2><\/div><\/div><div class=\"elementor-element elementor-element-c99e177 elementor-widget elementor-widget-text-editor\" data-id=\"c99e177\" data-element_type=\"widget\" data-widget_type=\"text-editor.default\"><div class=\"elementor-widget-container\"><p>Les articles de ce site peuvent inclure des contenus int\u00e9gr\u00e9s (par exemple des vid\u00e9os, images, articles\u2026). Le contenu int\u00e9gr\u00e9 depuis d\u2019autres sites se comporte de la m\u00eame mani\u00e8re que si le visiteur se rendait sur cet autre site.<\/p><p>Ces sites web pourraient collecter des donn\u00e9es sur vous, utiliser des cookies, embarquer des outils de suivis tiers, suivre vos interactions avec ces contenus embarqu\u00e9s si vous disposez d\u2019un compte connect\u00e9 sur leur site web.<\/p><\/div><\/div><div class=\"elementor-element elementor-element-7f61723 elementor-widget elementor-widget-heading\" data-id=\"7f61723\" data-element_type=\"widget\" data-widget_type=\"heading.default\"><div class=\"elementor-widget-container\"><h2 class=\"elementor-heading-title elementor-size-default\">STATISTIQUES ET MESURES D\u2019AUDIENCE<\/h2><\/div><\/div><div class=\"elementor-element elementor-element-82593ed elementor-widget elementor-widget-heading\" data-id=\"82593ed\" data-element_type=\"widget\" data-widget_type=\"heading.default\"><div class=\"elementor-widget-container\"><h2 class=\"elementor-heading-title elementor-size-default\">UTILISATION ET TRANSMISSION DE VOS DONN\u00c9ES PERSONNELLES<\/h2><\/div><\/div><div class=\"elementor-element elementor-element-5e96ceb elementor-widget elementor-widget-heading\" data-id=\"5e96ceb\" data-element_type=\"widget\" data-widget_type=\"heading.default\"><div class=\"elementor-widget-container\"><h2 class=\"elementor-heading-title elementor-size-default\">DUR\u00c9ES DE STOCKAGE DE VOS DONN\u00c9ES<\/h2><\/div><\/div><div class=\"elementor-element elementor-element-20f0406 elementor-widget elementor-widget-text-editor\" data-id=\"20f0406\" data-element_type=\"widget\" data-widget_type=\"text-editor.default\"><div class=\"elementor-widget-container\"><p>Si vous envoyez un message via notre formulaire de contact, il vous sera demand\u00e9 des informations personnelles afin de mieux r\u00e9pondre \u00e0 votre demande. Ces informations seront stock\u00e9es de fa\u00e7on s\u00e9curis\u00e9e sur notre base de donn\u00e9es clients. Ces informations peuvent \u00eatre supprim\u00e9es sur simple demande.\u00a0<\/p><\/div><\/div><div class=\"elementor-element elementor-element-80b8335 elementor-widget elementor-widget-heading\" data-id=\"80b8335\" data-element_type=\"widget\" data-widget_type=\"heading.default\"><div class=\"elementor-widget-container\"><h2 class=\"elementor-heading-title elementor-size-default\">LES DROITS QUE VOUS AVEZ SUR VOS DONN\u00c9ES<\/h2><\/div><\/div><div class=\"elementor-element elementor-element-bd30d77 elementor-widget elementor-widget-text-editor\" data-id=\"bd30d77\" data-element_type=\"widget\" data-widget_type=\"text-editor.default\"><div class=\"elementor-widget-container\"><p>Si vous avez laiss\u00e9 un message via notre formulaire de contact sur le site, vous pouvez demander \u00e0 recevoir un fichier contenant toutes les donn\u00e9es personnelles que nous poss\u00e9dons \u00e0 votre sujet, incluant celles que vous nous avez fournies. Vous pouvez \u00e9galement demander la suppression des donn\u00e9es personnelles vous concernant. Cela ne prend pas en compte les donn\u00e9es stock\u00e9es \u00e0 des fins administratives, l\u00e9gales ou pour des raisons de s\u00e9curit\u00e9.<\/p><\/div><\/div><div class=\"elementor-element elementor-element-e7e00f5 elementor-widget elementor-widget-heading\" data-id=\"e7e00f5\" data-element_type=\"widget\" data-widget_type=\"heading.default\"><div class=\"elementor-widget-container\"><h2 class=\"elementor-heading-title elementor-size-default\">TRANSMISSION DE VOS DONN\u00c9ES PERSONNELLES<\/h2><\/div><\/div><div class=\"elementor-element elementor-element-ef6a830 elementor-widget elementor-widget-text-editor\" data-id=\"ef6a830\" data-element_type=\"widget\" data-widget_type=\"text-editor.default\"><div class=\"elementor-widget-container\"><p>Nous ne transmettons, ou vendons, ou n\u2019envoyons aucune donn\u00e9e sensible, personnelle, et non s\u00e9curis\u00e9e \u00e0 d\u2019autres services, ou d\u2019autres soci\u00e9t\u00e9s.\u00a0<\/p><\/div><\/div><div class=\"elementor-element elementor-element-0996b06 elementor-widget elementor-widget-heading\" data-id=\"0996b06\" data-element_type=\"widget\" data-widget_type=\"heading.default\"><div class=\"elementor-widget-container\"><h2 class=\"elementor-heading-title elementor-size-default\">INFORMATIONS DE CONTACT<\/h2><\/div><\/div><div class=\"elementor-element elementor-element-90306e0 elementor-widget elementor-widget-text-editor\" data-id=\"90306e0\" data-element_type=\"widget\" data-widget_type=\"text-editor.default\"><div class=\"elementor-widget-container\"><p>Contact : <strong>Damien Poujol<\/strong> \u2013 05 63 20 17 34\u00a0 \u2013 12 RUE NOTRE DAME 82000 MONTAUBAN<\/p><\/div><\/div><div class=\"elementor-element elementor-element-8b4b6b7 elementor-widget elementor-widget-heading\" data-id=\"8b4b6b7\" data-element_type=\"widget\" data-widget_type=\"heading.default\"><div class=\"elementor-widget-container\"><h2 class=\"elementor-heading-title elementor-size-default\">CONSENTEMENT<\/h2><\/div><\/div><div class=\"elementor-element elementor-element-13ad5a0 elementor-widget elementor-widget-text-editor\" data-id=\"13ad5a0\" data-element_type=\"widget\" data-widget_type=\"text-editor.default\"><div class=\"elementor-widget-container\"><p>En utilisant notre site, vous consentez \u00e0 notre\u00a0<strong>politique de confidentialit\u00e9<\/strong>.<\/p><\/div><\/div>\t\t\t\t\t\t\t\t<\/div>\n\t\t\t\t\t<\/div>\n\t\t\t\t<\/div>\n\t\t\t\t<\/div>\n\t\t","protected":false},"excerpt":{"rendered":"<p>UTILISATION DES DONN\u00c9ES PERSONNELLES COLLECT\u00c9ES FORMULAIRES DE CONTACT : COOKIES Si vous envoyez un message sur notre site, il vous sera propos\u00e9 d\u2019enregistrer votre nom, adresse de messagerie et site web dans des cookies. C\u2019est uniquement pour votre confort afin [&hellip;]<\/p>\n","protected":false},"author":2,"featured_media":0,"parent":0,"menu_order":0,"comment_status":"closed","ping_status":"closed","template":"","meta":{"footnotes":""},"class_list":["post-4927","page","type-page","status-publish","hentry"],"aioseo_notices":[],"_links":{"self":[{"href":"https:\/\/mercuremontauban.fr\/en\/wp-json\/wp\/v2\/pages\/4927","targetHints":{"allow":["GET"]}}],"collection":[{"href":"https:\/\/mercuremontauban.fr\/en\/wp-json\/wp\/v2\/pages"}],"about":[{"href":"https:\/\/mercuremontauban.fr\/en\/wp-json\/wp\/v2\/types\/page"}],"author":[{"embeddable":true,"href":"https:\/\/mercuremontauban.fr\/en\/wp-json\/wp\/v2\/users\/2"}],"replies":[{"embeddable":true,"href":"https:\/\/mercuremontauban.fr\/en\/wp-json\/wp\/v2\/comments?post=4927"}],"version-history":[{"count":5,"href":"https:\/\/mercuremontauban.fr\/en\/wp-json\/wp\/v2\/pages\/4927\/revisions"}],"predecessor-version":[{"id":5843,"href":"https:\/\/mercuremontauban.fr\/en\/wp-json\/wp\/v2\/pages\/4927\/revisions\/5843"}],"wp:attachment":[{"href":"https:\/\/mercuremontauban.fr\/en\/wp-json\/wp\/v2\/media?parent=4927"}],"curies":[{"name":"wp","href":"https:\/\/api.w.org\/{rel}","templated":true}]}}